{"id":352,"date":"2022-10-15T06:36:44","date_gmt":"2022-10-15T06:36:44","guid":{"rendered":"https:\/\/uni-crema.it\/uni-crema\/?page_id=352"},"modified":"2025-10-21T07:56:52","modified_gmt":"2025-10-21T07:56:52","slug":"statuto","status":"publish","type":"page","link":"https:\/\/uni-crema.it\/uni-crema\/chi-siamo\/statuto\/","title":{"rendered":"Statuto"},"content":{"rendered":"<div id=\"pl-352\"  class=\"panel-layout\" ><div id=\"pg-352-0\"  class=\"panel-grid panel-no-style\" ><div id=\"pgc-352-0-0\"  class=\"panel-grid-cell\" ><div id=\"panel-352-0-0-0\" class=\"so-panel widget widget_sow-editor panel-first-child\" data-index=\"0\" ><div\n\t\t\t\n\t\t\tclass=\"so-widget-sow-editor so-widget-sow-editor-base\"\n\t\t\t\n\t\t>\n<div class=\"siteorigin-widget-tinymce textwidget\">\n\t<p><!-- wp:siteorigin-panels\/layout-block {\"panelsData\":{\"widgets\":[{\"title\":\"\",\"text\":\"Lo statuto di UNI-Crema - Liber\u00e0 Universit\u00e0 per l'Et\u00e0 adulta, \u00e8 stato approvato dal Consiglio direttivo il 6 ottobre 2016.\",\"filter\":true,\"visual\":true,\"panels_info\":{\"class\":\"WP_Widget_Text\",\"raw\":false,\"grid\":0,\"cell\":0,\"id\":0,\"widget_id\":\"2bdd32ba-9bfe-41ba-9f19-628bd08e57a0\",\"style\":{\"background_image_attachment\":false,\"background_display\":\"tile\",\"cvw_duration\":\"300\",\"cvw_easing\":\"linear\",\"cvw_anchor\":\"top-bottom\",\"cvw_repeat\":\"true\"}}},{\"text\":\"Scarica lo statuto\",\"url\":\"https:\/\/uni-crema.it\/uni-crema\/wp-content\/uploads\/2022\/10\/statuto-unicrema-v06102016.pdf\",\"new_window\":true,\"download\":true,\"button_icon\":{\"icon_selected\":\"fontawesome-sow-far-file-pdf\",\"icon_color\":false,\"icon\":0,\"icon_placement\":\"left\",\"so_field_container_state\":\"open\"},\"design\":{\"width\":false,\"width_unit\":\"px\",\"align\":\"center\",\"mobile_align\":\"center\",\"theme\":\"flat\",\"button_color\":\"#44a57d\",\"text_color\":\"#ffffff\",\"hover\":true,\"hover_background_color\":false,\"hover_text_color\":false,\"font\":\"default\",\"font_size\":\"1\",\"rounding\":\"0.25\",\"padding\":\"1\",\"so_field_container_state\":\"open\"},\"attributes\":{\"id\":\"\",\"classes\":\"\",\"title\":\"\",\"on_click\":\"\",\"rel\":\"\",\"so_field_container_state\":\"closed\"},\"_sow_form_id\":\"2081559024634a5475118fe288796606\",\"_sow_form_timestamp\":\"1665816949759\",\"panels_info\":{\"class\":\"SiteOrigin_Widget_Button_Widget\",\"raw\":false,\"grid\":0,\"cell\":0,\"id\":1,\"widget_id\":\"b7523a2b-2db0-44cd-bd21-e06654f6681d\",\"style\":{\"background_image_attachment\":false,\"background_display\":\"tile\",\"cvw_duration\":\"300\",\"cvw_easing\":\"linear\",\"cvw_anchor\":\"top-bottom\",\"cvw_repeat\":\"true\"}}},{\"size\":\"medium\",\"width\":600,\"height\":400,\"caption\":\"\",\"alt\":\"Statuto.\",\"link_type\":\"custom\",\"link_url\":\"\",\"image_classes\":\"\",\"link_classes\":\"\",\"link_rel\":\"\",\"link_target_blank\":false,\"image_title\":\"\",\"attachment_id\":1180,\"url\":\"https:\/\/uni-crema.it\/uni-crema\/wp-content\/uploads\/2022\/10\/lo_statuto-300x200.png\",\"title\":\"\",\"panels_info\":{\"class\":\"WP_Widget_Media_Image\",\"grid\":0,\"cell\":1,\"id\":2,\"widget_id\":\"296b5463-c3dd-4b52-b516-973f27e59484\",\"style\":{\"background_image_attachment\":false,\"background_display\":\"tile\",\"box_shadow\":\"on\",\"box_shadow_color\":\"#000000\",\"box_shadow_opacity\":\"15\",\"box_shadow_offset_vertical\":\"5px\",\"box_shadow_blur\":\"15px\",\"cvw_duration\":\"300\",\"cvw_easing\":\"linear\",\"cvw_anchor\":\"top-bottom\",\"cvw_repeat\":\"true\"}},\"csb_visibility\":{\"action\":\"show\",\"conditions\":{\"guest\":[],\"date\":[],\"roles\":[],\"pagetypes\":[],\"posttypes\":[],\"membership\":[],\"membership2\":[],\"prosite\":[],\"pt-post\":[],\"pt-page\":[],\"pt-event\":[],\"tax-category\":[],\"tax-post_tag\":[],\"tax-post_format\":[],\"tax-ngg_tag\":[]},\"always\":true},\"csb_clone\":{\"group\":1,\"state\":\"ok\"}}],\"grids\":[{\"cells\":2,\"style\":{\"padding\":\"1em 1em 1em 1em\",\"background\":\"#ffffff\",\"background_image_attachment\":false,\"background_display\":\"tile\",\"border_radius\":\"10px 10px 10px 10px\",\"box_shadow\":\"on\",\"box_shadow_color\":\"#000000\",\"box_shadow_opacity\":\"15\",\"box_shadow_offset_horizontal\":\"\",\"box_shadow_offset_vertical\":\"5px\",\"box_shadow_blur\":\"15px\",\"cvw_duration\":\"300\",\"cvw_easing\":\"linear\",\"cvw_anchor\":\"top-bottom\",\"cvw_repeat\":\"true\",\"bottom_margin\":\"1em\",\"cell_alignment\":\"flex-start\"}}],\"grid_cells\":[{\"grid\":0,\"index\":0,\"weight\":0.7004421518054532,\"style\":{\"background_image_attachment\":false,\"background_display\":\"tile\",\"cvw_duration\":\"300\",\"cvw_easing\":\"linear\",\"cvw_anchor\":\"top-bottom\",\"cvw_repeat\":\"true\",\"vertical_alignment\":\"auto\"}},{\"grid\":0,\"index\":1,\"weight\":0.2995578481945468,\"style\":[]}]},\"contentPreview\":\"\\u003cdiv id=\\u0022pl-352\\u0022 class=\\u0022panel-layout\\u0022 \\u003e\\u003cdiv id=\\u0022pg-352-0\\u0022 class=\\u0022panel-grid panel-has-style\\u0022 \\u003e\\u003cdiv class=\\u0022panel-row-style panel-row-style-for-352-0\\u0022 \\u003e\\u003cdiv id=\\u0022pgc-352-0-0\\u0022 class=\\u0022panel-grid-cell\\u0022 \\u003e\\u003cdiv id=\\u0022panel-352-0-0-0\\u0022 class=\\u0022so-panel widget widget_text panel-first-child\\u0022 data-index=\\u00220\\u0022 \\u003e\\t\\t\\t\\u003cdiv class=\\u0022textwidget\\u0022\\u003e\\u003cp\\u003eLo statuto di UNI-Crema \\u0026#8211; Liber\u00e0 Universit\u00e0 per l\\u0026#8217;Et\u00e0 adulta, \u00e8 stato approvato dal Consiglio direttivo il 6 ottobre 2016.\\u003c\/p\\u003e\\n\\u003c\/div\\u003e\\n\\t\\t\\u003c\/div\\u003e\\u003cdiv id=\\u0022panel-352-0-0-1\\u0022 class=\\u0022so-panel widget widget_sow-button panel-last-child\\u0022 data-index=\\u00221\\u0022 \\u003e\\u003cdiv\\n\\t\\t\\t\\n\\t\\t\\tclass=\\u0022so-widget-sow-button so-widget-sow-button-flat-1892c2203122-\\u0022\\n\\t\\t\\t\\n\\t\\t\\u003e\\u003cdiv class=\\u0022ow-button-base ow-button-align-center\\u0022\\u003e\\n\\t\\u003ca href=\\u0022https:\/\/uni-crema.it\/uni-crema\/wp-content\/uploads\/2022\/10\/statuto-unicrema-v06102016.pdf\\u0022 class=\\u0022ow-icon-placement-left ow-button-hover\\u0022 target=\\u0022_blank\\u0022 rel=\\u0022noopener noreferrer\\u0022 download=\\u0022\\u0022 \\t\\t\\u003e\\n\\t\\t\\u003cspan\\u003e\\n\\t\\t\\t\\u003cspan class=\\u0022sow-icon-fontawesome sow-far\\u0022 data-sow-icon=\\u0022\\u0026#xf1c1;\\u0022\\n\\t\\t \\n\\t\\taria-hidden=\\u0022true\\u0022\\u003e\\u003c\/span\\u003e\\n\\t\\t\\tScarica lo statuto\\t\\t\\u003c\/span\\u003e\\n\\t\\u003c\/a\\u003e\\n\\u003c\/div\\u003e\\n\\u003c\/div\\u003e\\u003c\/div\\u003e\\t\\t\\t\\t\\u003cstyle type=\\u0022text\/css\\u0022\\u003e.so-widget-sow-button-flat-1892c2203122- .ow-button-base {\\n zoom: 1;\\n}\\n.so-widget-sow-button-flat-1892c2203122- .ow-button-base:before {\\n content: '';\\n display: block;\\n}\\n.so-widget-sow-button-flat-1892c2203122- .ow-button-base:after {\\n content: '';\\n display: table;\\n clear: both;\\n}\\n@media (max-width: 780px) {\\n .so-widget-sow-button-flat-1892c2203122- .ow-button-base.ow-button-align-center {\\n text-align: center;\\n }\\n .so-widget-sow-button-flat-1892c2203122- .ow-button-base.ow-button-align-center.ow-button-align-justify a {\\n display: inline-block;\\n }\\n}\\n.so-widget-sow-button-flat-1892c2203122- .ow-button-base a {\\n -ms-box-sizing: border-box;\\n -moz-box-sizing: border-box;\\n -webkit-box-sizing: border-box;\\n box-sizing: border-box;\\n \\n font-size: 1em;\\n padding: 1em 2em;\\n background: #44a57d;\\n color: #ffffff !important;\\n border: 1px solid #44a57d;\\n border-width: 1px 0;\\n -webkit-border-radius: 0.25em;\\n -moz-border-radius: 0.25em;\\n border-radius: 0.25em;\\n text-shadow: 0 1px 0 rgba(0, 0, 0, 0.05);\\n}\\n.so-widget-sow-button-flat-1892c2203122- .ow-button-base a:active,\\n.so-widget-sow-button-flat-1892c2203122- .ow-button-base a:hover {\\n color: #ffffff !important;\\n}\\n.so-widget-sow-button-flat-1892c2203122- .ow-button-base a.ow-button-hover:hover {\\n background: #4ab388;\\n border-color: #4ab388;\\n}\\u003c\/style\\u003e\\n\\t\\t\\t\\t\\u003c\/div\\u003e\\u003cdiv id=\\u0022pgc-352-0-1\\u0022 class=\\u0022panel-grid-cell\\u0022 \\u003e\\u003cdiv id=\\u0022panel-352-0-1-0\\u0022 class=\\u0022so-panel widget widget_media_image panel-first-child panel-last-child\\u0022 data-index=\\u00222\\u0022 \\u003e\\u003cdiv class=\\u0022panel-widget-style panel-widget-style-for-352-0-1-0\\u0022 \\u003e\\u003cimg width=\\u0022300\\u0022 height=\\u0022200\\u0022 src=\\u0022https:\/\/uni-crema.it\/uni-crema\/wp-content\/uploads\/2022\/10\/lo_statuto-300x200.png\\u0022 class=\\u0022image wp-image-1180 attachment-medium size-medium\\u0022 alt=\\u0022Statuto.\\u0022 loading=\\u0022lazy\\u0022 style=\\u0022max-width: 100%; height: auto;\\u0022 srcset=\\u0022https:\/\/uni-crema.it\/uni-crema\/wp-content\/uploads\/2022\/10\/lo_statuto-300x200.png 300w, https:\/\/uni-crema.it\/uni-crema\/wp-content\/uploads\/2022\/10\/lo_statuto-272x182.png 272w, https:\/\/uni-crema.it\/uni-crema\/wp-content\/uploads\/2022\/10\/lo_statuto.png 600w\\u0022 sizes=\\u0022(max-width: 300px) 100vw, 300px\\u0022 \/\\u003e\\u003c\/div\\u003e\\u003c\/div\\u003e\\u003c\/div\\u003e\\u003c\/div\\u003e\\u003c\/div\\u003e\\u003c\/div\\u003e\"} --><\/p>\n<div class=\"wp-block-siteorigin-panels-layout-block\">Lo statuto di UNI-Crema \u2013 Liber\u00e0 Universit\u00e0 per l\u2019Et\u00e0 adulta, \u00e8 stato approvato dal Consiglio direttivo il 6 ottobre 2016.<\/div>\n<p><!-- \/wp:siteorigin-panels\/layout-block --><\/p>\n<\/div>\n<\/div><\/div><div id=\"panel-352-0-0-1\" class=\"so-panel widget widget_sow-button panel-last-child\" data-index=\"1\" ><div\n\t\t\t\n\t\t\tclass=\"so-widget-sow-button so-widget-sow-button-flat-45039829c4c1-352\"\n\t\t\t\n\t\t><div class=\"ow-button-base ow-button-align-center\"\n>\n\t\t\t<a\n\t\t\t\t\thref=\"https:\/\/uni-crema.it\/uni-crema\/wp-content\/uploads\/2022\/10\/statuto-unicrema-v06102016.pdf\"\n\t\t\t\t\tclass=\"sowb-button ow-icon-placement-left ow-button-hover\" target=\"_blank\" rel=\"noopener noreferrer\" \t>\n\t\t<span>\n\t\t\t<span class=\"sow-icon-fontawesome sow-far\" data-sow-icon=\"&#xf1c1;\"\n\t\tstyle=\"\" \n\t\taria-hidden=\"true\"><\/span>\n\t\t\tScarica lo statuto\t\t<\/span>\n\t\t\t<\/a>\n\t<\/div>\n<\/div><\/div><\/div><div id=\"pgc-352-0-1\"  class=\"panel-grid-cell\" ><div id=\"panel-352-0-1-0\" class=\"so-panel widget widget_sow-image panel-first-child panel-last-child\" data-index=\"2\" ><div\n\t\t\t\n\t\t\tclass=\"so-widget-sow-image so-widget-sow-image-default-8b5b6f678277-352\"\n\t\t\t\n\t\t>\n<div class=\"sow-image-container\">\n\t\t<img \n\tsrc=\"https:\/\/uni-crema.it\/uni-crema\/wp-content\/uploads\/2022\/10\/lo_statuto.png\" title=\"Statuto\" alt=\"\" \t\tclass=\"so-widget-image\"\/>\n\t<\/div>\n\n<\/div><\/div><\/div><\/div><\/div>","protected":false},"excerpt":{"rendered":"<p>Lo statuto di UNI-Crema \u2013 Liber\u00e0 Universit\u00e0 per l\u2019Et\u00e0 adulta, \u00e8 stato approvato dal Consiglio direttivo il 6 ottobre 2016.<\/p>\n","protected":false},"author":1,"featured_media":0,"parent":11,"menu_order":3,"comment_status":"closed","ping_status":"closed","template":"","meta":{"neve_meta_sidebar":"","neve_meta_container":"","neve_meta_enable_content_width":"off","neve_meta_content_width":100,"neve_meta_title_alignment":"","neve_meta_author_avatar":"","neve_post_elements_order":"","neve_meta_disable_header":"","neve_meta_disable_footer":"","neve_meta_disable_title":"","ngg_post_thumbnail":0,"cybocfi_hide_featured_image":"","_mc_calendar":[],"footnotes":""},"folder":[],"class_list":["post-352","page","type-page","status-publish","hentry"],"yoast_head":"<!-- This site is optimized with the Yoast SEO plugin v27.4 - https:\/\/yoast.com\/product\/yoast-seo-wordpress\/ -->\n<title>Statuto - UNI-Crema<\/title>\n<meta name=\"robots\" content=\"index, follow, max-snippet:-1, max-image-preview:large, max-video-preview:-1\" \/>\n<link rel=\"canonical\" href=\"https:\/\/uni-crema.it\/uni-crema\/chi-siamo\/statuto\/\" \/>\n<meta property=\"og:locale\" content=\"it_IT\" \/>\n<meta property=\"og:type\" content=\"article\" \/>\n<meta property=\"og:title\" content=\"Statuto - UNI-Crema\" \/>\n<meta property=\"og:description\" content=\"Lo statuto di UNI-Crema \u2013 Liber\u00e0 Universit\u00e0 per l\u2019Et\u00e0 adulta, \u00e8 stato approvato dal Consiglio direttivo il 6 ottobre 2016.\" \/>\n<meta property=\"og:url\" content=\"https:\/\/uni-crema.it\/uni-crema\/chi-siamo\/statuto\/\" \/>\n<meta property=\"og:site_name\" content=\"UNI-Crema\" \/>\n<meta property=\"article:modified_time\" content=\"2025-10-21T07:56:52+00:00\" \/>\n<meta name=\"twitter:card\" content=\"summary_large_image\" \/>\n<meta name=\"twitter:label1\" content=\"Tempo di lettura stimato\" \/>\n\t<meta name=\"twitter:data1\" content=\"1 minuto\" \/>\n<script type=\"application\/ld+json\" class=\"yoast-schema-graph\">{\"@context\":\"https:\\\/\\\/schema.org\",\"@graph\":[{\"@type\":\"WebPage\",\"@id\":\"https:\\\/\\\/uni-crema.it\\\/uni-crema\\\/chi-siamo\\\/statuto\\\/\",\"url\":\"https:\\\/\\\/uni-crema.it\\\/uni-crema\\\/chi-siamo\\\/statuto\\\/\",\"name\":\"Statuto - UNI-Crema\",\"isPartOf\":{\"@id\":\"https:\\\/\\\/uni-crema.it\\\/uni-crema\\\/#website\"},\"datePublished\":\"2022-10-15T06:36:44+00:00\",\"dateModified\":\"2025-10-21T07:56:52+00:00\",\"breadcrumb\":{\"@id\":\"https:\\\/\\\/uni-crema.it\\\/uni-crema\\\/chi-siamo\\\/statuto\\\/#breadcrumb\"},\"inLanguage\":\"it-IT\",\"potentialAction\":[{\"@type\":\"ReadAction\",\"target\":[\"https:\\\/\\\/uni-crema.it\\\/uni-crema\\\/chi-siamo\\\/statuto\\\/\"]}]},{\"@type\":\"BreadcrumbList\",\"@id\":\"https:\\\/\\\/uni-crema.it\\\/uni-crema\\\/chi-siamo\\\/statuto\\\/#breadcrumb\",\"itemListElement\":[{\"@type\":\"ListItem\",\"position\":1,\"name\":\"Home\",\"item\":\"https:\\\/\\\/uni-crema.it\\\/uni-crema\\\/\"},{\"@type\":\"ListItem\",\"position\":2,\"name\":\"Chi siamo\",\"item\":\"https:\\\/\\\/uni-crema.it\\\/uni-crema\\\/chi-siamo\\\/\"},{\"@type\":\"ListItem\",\"position\":3,\"name\":\"Statuto\"}]},{\"@type\":\"WebSite\",\"@id\":\"https:\\\/\\\/uni-crema.it\\\/uni-crema\\\/#website\",\"url\":\"https:\\\/\\\/uni-crema.it\\\/uni-crema\\\/\",\"name\":\"UNI-Crema\",\"description\":\"Libera Universit\u00e0 per l&#039;Et\u00e0 Adulta\",\"publisher\":{\"@id\":\"https:\\\/\\\/uni-crema.it\\\/uni-crema\\\/#organization\"},\"alternateName\":\"UNI-Crema\",\"potentialAction\":[{\"@type\":\"SearchAction\",\"target\":{\"@type\":\"EntryPoint\",\"urlTemplate\":\"https:\\\/\\\/uni-crema.it\\\/uni-crema\\\/?s={search_term_string}\"},\"query-input\":{\"@type\":\"PropertyValueSpecification\",\"valueRequired\":true,\"valueName\":\"search_term_string\"}}],\"inLanguage\":\"it-IT\"},{\"@type\":\"Organization\",\"@id\":\"https:\\\/\\\/uni-crema.it\\\/uni-crema\\\/#organization\",\"name\":\"uni-Crema\",\"alternateName\":\"Libera Universit\u00e0 per l'Et\u00e0 Adulta\",\"url\":\"https:\\\/\\\/uni-crema.it\\\/uni-crema\\\/\",\"logo\":{\"@type\":\"ImageObject\",\"inLanguage\":\"it-IT\",\"@id\":\"https:\\\/\\\/uni-crema.it\\\/uni-crema\\\/#\\\/schema\\\/logo\\\/image\\\/\",\"url\":\"https:\\\/\\\/uni-crema.it\\\/uni-crema\\\/wp-content\\\/uploads\\\/2022\\\/10\\\/kigo-UNI-Crema.png\",\"contentUrl\":\"https:\\\/\\\/uni-crema.it\\\/uni-crema\\\/wp-content\\\/uploads\\\/2022\\\/10\\\/kigo-UNI-Crema.png\",\"width\":292,\"height\":234,\"caption\":\"uni-Crema\"},\"image\":{\"@id\":\"https:\\\/\\\/uni-crema.it\\\/uni-crema\\\/#\\\/schema\\\/logo\\\/image\\\/\"}}]}<\/script>\n<!-- \/ Yoast SEO plugin. -->","yoast_head_json":{"title":"Statuto - UNI-Crema","robots":{"index":"index","follow":"follow","max-snippet":"max-snippet:-1","max-image-preview":"max-image-preview:large","max-video-preview":"max-video-preview:-1"},"canonical":"https:\/\/uni-crema.it\/uni-crema\/chi-siamo\/statuto\/","og_locale":"it_IT","og_type":"article","og_title":"Statuto - UNI-Crema","og_description":"Lo statuto di UNI-Crema \u2013 Liber\u00e0 Universit\u00e0 per l\u2019Et\u00e0 adulta, \u00e8 stato approvato dal Consiglio direttivo il 6 ottobre 2016.","og_url":"https:\/\/uni-crema.it\/uni-crema\/chi-siamo\/statuto\/","og_site_name":"UNI-Crema","article_modified_time":"2025-10-21T07:56:52+00:00","twitter_card":"summary_large_image","twitter_misc":{"Tempo di lettura stimato":"1 minuto"},"schema":{"@context":"https:\/\/schema.org","@graph":[{"@type":"WebPage","@id":"https:\/\/uni-crema.it\/uni-crema\/chi-siamo\/statuto\/","url":"https:\/\/uni-crema.it\/uni-crema\/chi-siamo\/statuto\/","name":"Statuto - UNI-Crema","isPartOf":{"@id":"https:\/\/uni-crema.it\/uni-crema\/#website"},"datePublished":"2022-10-15T06:36:44+00:00","dateModified":"2025-10-21T07:56:52+00:00","breadcrumb":{"@id":"https:\/\/uni-crema.it\/uni-crema\/chi-siamo\/statuto\/#breadcrumb"},"inLanguage":"it-IT","potentialAction":[{"@type":"ReadAction","target":["https:\/\/uni-crema.it\/uni-crema\/chi-siamo\/statuto\/"]}]},{"@type":"BreadcrumbList","@id":"https:\/\/uni-crema.it\/uni-crema\/chi-siamo\/statuto\/#breadcrumb","itemListElement":[{"@type":"ListItem","position":1,"name":"Home","item":"https:\/\/uni-crema.it\/uni-crema\/"},{"@type":"ListItem","position":2,"name":"Chi siamo","item":"https:\/\/uni-crema.it\/uni-crema\/chi-siamo\/"},{"@type":"ListItem","position":3,"name":"Statuto"}]},{"@type":"WebSite","@id":"https:\/\/uni-crema.it\/uni-crema\/#website","url":"https:\/\/uni-crema.it\/uni-crema\/","name":"UNI-Crema","description":"Libera Universit\u00e0 per l&#039;Et\u00e0 Adulta","publisher":{"@id":"https:\/\/uni-crema.it\/uni-crema\/#organization"},"alternateName":"UNI-Crema","potentialAction":[{"@type":"SearchAction","target":{"@type":"EntryPoint","urlTemplate":"https:\/\/uni-crema.it\/uni-crema\/?s={search_term_string}"},"query-input":{"@type":"PropertyValueSpecification","valueRequired":true,"valueName":"search_term_string"}}],"inLanguage":"it-IT"},{"@type":"Organization","@id":"https:\/\/uni-crema.it\/uni-crema\/#organization","name":"uni-Crema","alternateName":"Libera Universit\u00e0 per l'Et\u00e0 Adulta","url":"https:\/\/uni-crema.it\/uni-crema\/","logo":{"@type":"ImageObject","inLanguage":"it-IT","@id":"https:\/\/uni-crema.it\/uni-crema\/#\/schema\/logo\/image\/","url":"https:\/\/uni-crema.it\/uni-crema\/wp-content\/uploads\/2022\/10\/kigo-UNI-Crema.png","contentUrl":"https:\/\/uni-crema.it\/uni-crema\/wp-content\/uploads\/2022\/10\/kigo-UNI-Crema.png","width":292,"height":234,"caption":"uni-Crema"},"image":{"@id":"https:\/\/uni-crema.it\/uni-crema\/#\/schema\/logo\/image\/"}}]}},"publishpress_future_action":{"enabled":false,"date":"2026-04-23 13:56:35","action":"change-status","newStatus":"draft","terms":[],"taxonomy":"folder","extraData":[]},"publishpress_future_workflow_manual_trigger":{"enabledWorkflows":[]},"_links":{"self":[{"href":"https:\/\/uni-crema.it\/uni-crema\/wp-json\/wp\/v2\/pages\/352","targetHints":{"allow":["GET"]}}],"collection":[{"href":"https:\/\/uni-crema.it\/uni-crema\/wp-json\/wp\/v2\/pages"}],"about":[{"href":"https:\/\/uni-crema.it\/uni-crema\/wp-json\/wp\/v2\/types\/page"}],"author":[{"embeddable":true,"href":"https:\/\/uni-crema.it\/uni-crema\/wp-json\/wp\/v2\/users\/1"}],"replies":[{"embeddable":true,"href":"https:\/\/uni-crema.it\/uni-crema\/wp-json\/wp\/v2\/comments?post=352"}],"version-history":[{"count":6,"href":"https:\/\/uni-crema.it\/uni-crema\/wp-json\/wp\/v2\/pages\/352\/revisions"}],"predecessor-version":[{"id":13265,"href":"https:\/\/uni-crema.it\/uni-crema\/wp-json\/wp\/v2\/pages\/352\/revisions\/13265"}],"up":[{"embeddable":true,"href":"https:\/\/uni-crema.it\/uni-crema\/wp-json\/wp\/v2\/pages\/11"}],"wp:attachment":[{"href":"https:\/\/uni-crema.it\/uni-crema\/wp-json\/wp\/v2\/media?parent=352"}],"wp:term":[{"taxonomy":"folder","embeddable":true,"href":"https:\/\/uni-crema.it\/uni-crema\/wp-json\/wp\/v2\/folder?post=352"}],"curies":[{"name":"wp","href":"https:\/\/api.w.org\/{rel}","templated":true}]}}